{"id":221,"date":"2025-06-24T10:48:18","date_gmt":"2025-06-24T08:48:18","guid":{"rendered":"http:\/\/jewishgirona.local\/?page_id=221"},"modified":"2025-08-26T11:46:40","modified_gmt":"2025-08-26T09:46:40","slug":"contacta-con-nostros","status":"publish","type":"page","link":"https:\/\/jewishgirona.com\/en\/contacta-con-nostros\/","title":{"rendered":"Contact Us"},"content":{"rendered":"\n[et_pb_section fb_built=\u00bb1&#8243; _builder_version=\u00bb4.27.4&#8243; _module_preset=\u00bbdefault\u00bb custom_padding=\u00bb11px||7px|||\u00bb global_colors_info=\u00bb{}\u00bb][et_pb_row _builder_version=\u00bb4.27.4&#8243; _module_preset=\u00bbdefault\u00bb global_colors_info=\u00bb{}\u00bb][et_pb_column type=\u00bb4_4&#8243; _builder_version=\u00bb4.27.4&#8243; _module_preset=\u00bbdefault\u00bb global_colors_info=\u00bb{}\u00bb][et_pb_text _builder_version=\u00bb4.27.4&#8243; _module_preset=\u00bbdefault\u00bb text_text_color=\u00bb#0A2463&#8243; text_font_size=\u00bb22px\u00bb header_text_color=\u00bb#0A2463&#8243; text_font_size_phone=\u00bb16px\u00bb global_colors_info=\u00bb{%22gcid-primary-color%22:%91%22link_text_color%22,%22link_text_color%22%93,%22gcid-heading-color%22:%91%22header_4_text_color%22,%22header_3_text_color%22,%22header_2_text_color%22,%22header_5_text_color%22,%22header_6_text_color%22,%22quote_text_color%22,%22header_4_text_color%22,%22header_3_text_color%22,%22header_2_text_color%22,%22header_5_text_color%22,%22header_6_text_color%22,%22quote_text_color%22%93,%22gcid-body-color%22:%91%22text_text_color%22%93,%22gcid-secondary-color%22:%91%22quote_border_color%22,%22quote_border_color%22%93}\u00bb]<h1 style=\"text-align: center;\">Contacta con Nosotros<\/h1>\n<p style=\"text-align: center;\"><span class=\"selected\">\u00bfTienes alguna pregunta, quieres visitarnos o necesitas informaci\u00f3n? <\/span><\/p>\n<p style=\"text-align: center;\"><span class=\"selected\">Estamos aqu\u00ed para ayudarte. Rellena el formulario o utiliza los datos de contacto.<\/span><\/p>[\/et_pb_text][\/et_pb_column][\/et_pb_row][et_pb_row _builder_version=\u00bb4.27.4&#8243; _module_preset=\u00bbdefault\u00bb global_colors_info=\u00bb{}\u00bb][et_pb_column type=\u00bb4_4&#8243; _builder_version=\u00bb4.27.4&#8243; _module_preset=\u00bbdefault\u00bb global_colors_info=\u00bb{}\u00bb][et_pb_cta title=\u00bb\u00a1Por favor, lee con atenci\u00f3n!\u00bb button_text=\u00bbClics\u00bb _builder_version=\u00bb4.27.4&#8243; _module_preset=\u00bbdefault\u00bb header_font_size=\u00bb32px\u00bb custom_padding=\u00bb||1px|||\u00bb body_font_size_phone=\u00bb16px\u00bb global_colors_info=\u00bb{}\u00bb]<ul>\n<li style=\"text-align: left;\">P\u00f3ngase en contacto con nosotros por correo electr\u00f3nico para obtener informaci\u00f3n sobre Tefilot en nuestra sinagoga.<\/li>\n<li style=\"text-align: left;\">Es obligatorio registrarse por correo electr\u00f3nico para participar en los servicios y comidas.<\/li>\n<li style=\"text-align: left;\">Puede enviarnos un correo electr\u00f3nico: de domingo a viernes hasta las 13h<\/li>\n<li style=\"text-align: left;\">No respondemos correos electr\u00f3nicos ni mensajes durante el Shabat y Yom Tov.<\/li>\n<\/ul>[\/et_pb_cta][\/et_pb_column][\/et_pb_row][\/et_pb_section][et_pb_section fb_built=\u00bb1&#8243; _builder_version=\u00bb4.27.4&#8243; _module_preset=\u00bbdefault\u00bb custom_padding=\u00bb8px||11px|||\u00bb global_colors_info=\u00bb{}\u00bb][et_pb_row _builder_version=\u00bb4.27.4&#8243; _module_preset=\u00bbdefault\u00bb global_colors_info=\u00bb{}\u00bb][et_pb_column type=\u00bb4_4&#8243; _builder_version=\u00bb4.27.4&#8243; _module_preset=\u00bbdefault\u00bb global_colors_info=\u00bb{}\u00bb][et_pb_contact_form use_spam_service=\u00bbon\u00bb recaptcha_list=\u00bbComunidad Jud\u00eda de Girona|Comunidad Jud\u00eda de Girona-0&#8243; email=\u00bbgironajewish@gmail.com\u00bb success_message=\u00bb\u00a1Gracias por tu mensaje! Te responderemos lo antes posible. \/ Thank you for your message! We will respond as soon as possible.\u00bb _builder_version=\u00bb4.27.4&#8243; _module_preset=\u00bbdefault\u00bb _unique_id=\u00bb3151a34a-e74c-49c1-a2cb-dae6a0381265&#8243; hover_enabled=\u00bb0&#8243; global_colors_info=\u00bb{}\u00bb sticky_enabled=\u00bb0&#8243;][et_pb_contact_field field_id=\u00bbnombre\u00bb field_title=\u00bbNombre\u00bb _builder_version=\u00bb4.27.4&#8243; global_colors_info=\u00bb{}\u00bb button_text_size__hover_enabled=\u00bboff\u00bb button_one_text_size__hover_enabled=\u00bboff\u00bb button_two_text_size__hover_enabled=\u00bboff\u00bb button_text_color__hover_enabled=\u00bboff\u00bb button_one_text_color__hover_enabled=\u00bboff\u00bb button_two_text_color__hover_enabled=\u00bboff\u00bb button_border_width__hover_enabled=\u00bboff\u00bb button_one_border_width__hover_enabled=\u00bboff\u00bb button_two_border_width__hover_enabled=\u00bboff\u00bb button_border_color__hover_enabled=\u00bboff\u00bb button_one_border_color__hover_enabled=\u00bboff\u00bb button_two_border_color__hover_enabled=\u00bboff\u00bb button_border_radius__hover_enabled=\u00bboff\u00bb button_one_border_radius__hover_enabled=\u00bboff\u00bb button_two_border_radius__hover_enabled=\u00bboff\u00bb button_letter_spacing__hover_enabled=\u00bboff\u00bb button_one_letter_spacing__hover_enabled=\u00bboff\u00bb button_two_letter_spacing__hover_enabled=\u00bboff\u00bb button_bg_color__hover_enabled=\u00bboff\u00bb button_one_bg_color__hover_enabled=\u00bboff\u00bb button_two_bg_color__hover_enabled=\u00bboff\u00bb][\/et_pb_contact_field][et_pb_contact_field field_id=\u00bbemail\u00bb field_title=\u00bbCorreo electr\u00f3nico\u00bb field_type=\u00bbemail\u00bb _builder_version=\u00bb4.27.4&#8243; global_colors_info=\u00bb{}\u00bb button_text_size__hover_enabled=\u00bboff\u00bb button_one_text_size__hover_enabled=\u00bboff\u00bb button_two_text_size__hover_enabled=\u00bboff\u00bb button_text_color__hover_enabled=\u00bboff\u00bb button_one_text_color__hover_enabled=\u00bboff\u00bb button_two_text_color__hover_enabled=\u00bboff\u00bb button_border_width__hover_enabled=\u00bboff\u00bb button_one_border_width__hover_enabled=\u00bboff\u00bb button_two_border_width__hover_enabled=\u00bboff\u00bb button_border_color__hover_enabled=\u00bboff\u00bb button_one_border_color__hover_enabled=\u00bboff\u00bb button_two_border_color__hover_enabled=\u00bboff\u00bb button_border_radius__hover_enabled=\u00bboff\u00bb button_one_border_radius__hover_enabled=\u00bboff\u00bb button_two_border_radius__hover_enabled=\u00bboff\u00bb button_letter_spacing__hover_enabled=\u00bboff\u00bb button_one_letter_spacing__hover_enabled=\u00bboff\u00bb button_two_letter_spacing__hover_enabled=\u00bboff\u00bb button_bg_color__hover_enabled=\u00bboff\u00bb button_one_bg_color__hover_enabled=\u00bboff\u00bb button_two_bg_color__hover_enabled=\u00bboff\u00bb][\/et_pb_contact_field][et_pb_contact_field field_id=\u00bbmensaje\u00bb field_title=\u00bbMensaje\u00bb field_type=\u00bbtext\u00bb fullwidth_field=\u00bbon\u00bb _builder_version=\u00bb4.27.4&#8243; global_colors_info=\u00bb{}\u00bb button_text_size__hover_enabled=\u00bboff\u00bb button_one_text_size__hover_enabled=\u00bboff\u00bb button_two_text_size__hover_enabled=\u00bboff\u00bb button_text_color__hover_enabled=\u00bboff\u00bb button_one_text_color__hover_enabled=\u00bboff\u00bb button_two_text_color__hover_enabled=\u00bboff\u00bb button_border_width__hover_enabled=\u00bboff\u00bb button_one_border_width__hover_enabled=\u00bboff\u00bb button_two_border_width__hover_enabled=\u00bboff\u00bb button_border_color__hover_enabled=\u00bboff\u00bb button_one_border_color__hover_enabled=\u00bboff\u00bb button_two_border_color__hover_enabled=\u00bboff\u00bb button_border_radius__hover_enabled=\u00bboff\u00bb button_one_border_radius__hover_enabled=\u00bboff\u00bb button_two_border_radius__hover_enabled=\u00bboff\u00bb button_letter_spacing__hover_enabled=\u00bboff\u00bb button_one_letter_spacing__hover_enabled=\u00bboff\u00bb button_two_letter_spacing__hover_enabled=\u00bboff\u00bb button_bg_color__hover_enabled=\u00bboff\u00bb button_one_bg_color__hover_enabled=\u00bboff\u00bb button_two_bg_color__hover_enabled=\u00bboff\u00bb][\/et_pb_contact_field][et_pb_contact_field field_id=\u00bbprivacidad\u00bb field_title=\u00bbConsentimiento\u00bb field_type=\u00bbcheckbox\u00bb checkbox_options=\u00bb%91{%22value%22:%22He le\u00eddo y acepto la pol\u00edtica de privacidad.%22,%22checked%22:0,%22dragID%22:-1,%22link_url%22:%22https:\/\/jewishgirona.com\/politica-de-privacidad\/%22}%93&#8243; fullwidth_field=\u00bbon\u00bb _builder_version=\u00bb4.27.4&#8243; _module_preset=\u00bbdefault\u00bb global_colors_info=\u00bb{}\u00bb][\/et_pb_contact_field][\/et_pb_contact_form][\/et_pb_column][\/et_pb_row][\/et_pb_section][et_pb_section fb_built=\u00bb1&#8243; _builder_version=\u00bb4.27.4&#8243; _module_preset=\u00bbdefault\u00bb custom_padding=\u00bb11px||12px|||\u00bb global_colors_info=\u00bb{}\u00bb][et_pb_row _builder_version=\u00bb4.27.4&#8243; _module_preset=\u00bbdefault\u00bb global_colors_info=\u00bb{}\u00bb][et_pb_column type=\u00bb4_4&#8243; _builder_version=\u00bb4.27.4&#8243; _module_preset=\u00bbdefault\u00bb global_colors_info=\u00bb{}\u00bb][et_pb_text _builder_version=\u00bb4.27.4&#8243; _module_preset=\u00bbdefault\u00bb header_text_color=\u00bb#0A2463&#8243; header_2_text_color=\u00bb#0A2463&#8243; global_colors_info=\u00bb{%22gcid-primary-color%22:%91%22link_text_color%22,%22link_text_color%22,%22link_text_color%22%93,%22gcid-heading-color%22:%91%22header_text_color%22,%22header_4_text_color%22,%22header_3_text_color%22,%22header_5_text_color%22,%22header_6_text_color%22,%22quote_text_color%22,%22header_text_color%22,%22header_4_text_color%22,%22header_3_text_color%22,%22header_5_text_color%22,%22header_6_text_color%22,%22quote_text_color%22,%22header_4_text_color%22,%22header_3_text_color%22,%22header_5_text_color%22,%22header_6_text_color%22,%22quote_text_color%22%93,%22gcid-body-color%22:%91%22text_text_color%22,%22text_text_color%22,%22text_text_color%22%93,%22gcid-secondary-color%22:%91%22quote_border_color%22,%22quote_border_color%22,%22quote_border_color%22%93}\u00bb]<h2 style=\"text-align: center;\">\u00bfEres un turista y quieres visitarnos?<\/h2>[\/et_pb_text][\/et_pb_column][\/et_pb_row][et_pb_row column_structure=\u00bb1_2,1_2&#8243; _builder_version=\u00bb4.27.4&#8243; _module_preset=\u00bbdefault\u00bb global_colors_info=\u00bb{}\u00bb][et_pb_column type=\u00bb1_2&#8243; _builder_version=\u00bb4.27.4&#8243; _module_preset=\u00bbdefault\u00bb global_colors_info=\u00bb{}\u00bb][et_pb_cta title=\u00bbInformaci\u00f3n Importante\u00bb button_url=\u00bbhttps:\/\/www.turismegirones.cat\/es\/punt_visita\/oficina-comarcal-de-turisme-girona-i-girones\/\u00bb button_text=\u00bbVisitar Web\u00bb _builder_version=\u00bb4.27.4&#8243; _module_preset=\u00bbdefault\u00bb header_font_size=\u00bb40px\u00bb body_font_size_phone=\u00bb16px\u00bb global_colors_info=\u00bb{}\u00bb]<p style=\"text-align: left;\">Las visitas tur\u00edsticas a la Sinagoga solo se pueden realizar con cita previa y mediante un gu\u00eda tur\u00edstico oficial de la ciudad (visita guiada).<\/p>\n<p style=\"text-align: left;\">Para reservar, por favor contacte a: <a href=\"mailto:puntdebenvinguda@ajgirona.cat\">puntdebenvinguda@ajgirona.cat<\/a><\/p>\n<p style=\"text-align: left;\">Tambi\u00e9n puede visitar la p\u00e1gina web oficial de turismo de la ciudad de Girona:<\/p>[\/et_pb_cta][\/et_pb_column][et_pb_column type=\u00bb1_2&#8243; _builder_version=\u00bb4.27.4&#8243; _module_preset=\u00bbdefault\u00bb global_colors_info=\u00bb{}\u00bb][et_pb_cta title=\u00bbHor\u00e1rios de referencia\u00bb button_text=\u00bbClics\u00bb _builder_version=\u00bb4.27.4&#8243; _module_preset=\u00bbdefault\u00bb header_font_size=\u00bb40px\u00bb body_font_size_phone=\u00bb16px\u00bb global_colors_info=\u00bb{}\u00bb]<p style=\"text-align: left;\">Visitas Guiadas:<\/p>\n<ul>\n<li style=\"text-align: left;\">Lunes &#8211; 11:00 &#8211; 16:00<\/li>\n<li style=\"text-align: left;\">Domingos y Festivos: 12:00-16:00<\/li>\n<\/ul>\n<p style=\"text-align: left;\">Servicios Religiosos:<\/p>\n<ul>\n<li style=\"text-align: left;\">Viernes, S\u00e1bados y Festivos jud\u00edos: acceso exclusivo para miembros y visitantes registrados.<\/li>\n<\/ul>\n<p>&nbsp;<\/p>[\/et_pb_cta][\/et_pb_column][\/et_pb_row][\/et_pb_section][et_pb_section fb_built=\u00bb1&#8243; custom_padding_last_edited=\u00bbon|phone\u00bb _builder_version=\u00bb4.27.4&#8243; _module_preset=\u00bbdefault\u00bb custom_padding=\u00bb10px||10px||true|false\u00bb custom_padding_tablet=\u00bb10px||10px||true|false\u00bb custom_padding_phone=\u00bb10px||10px||true|false\u00bb global_colors_info=\u00bb{}\u00bb][et_pb_row _builder_version=\u00bb4.27.4&#8243; _module_preset=\u00bbdefault\u00bb global_colors_info=\u00bb{}\u00bb][et_pb_column type=\u00bb4_4&#8243; _builder_version=\u00bb4.27.4&#8243; _module_preset=\u00bbdefault\u00bb global_colors_info=\u00bb{}\u00bb][et_pb_text _builder_version=\u00bb4.27.4&#8243; _module_preset=\u00bbdefault\u00bb header_text_color=\u00bb#0A2463&#8243; header_2_text_color=\u00bb#0A2463&#8243; global_colors_info=\u00bb{%22gcid-primary-color%22:%91%22link_text_color%22,%22link_text_color%22%93,%22gcid-heading-color%22:%91%22header_text_color%22,%22header_4_text_color%22,%22header_3_text_color%22,%22header_5_text_color%22,%22header_6_text_color%22,%22quote_text_color%22,%22header_4_text_color%22,%22header_3_text_color%22,%22header_5_text_color%22,%22header_6_text_color%22,%22quote_text_color%22%93,%22gcid-body-color%22:%91%22text_text_color%22,%22text_text_color%22%93,%22gcid-secondary-color%22:%91%22quote_border_color%22,%22quote_border_color%22%93}\u00bb]<h2 style=\"text-align: center;\">\u00bfQuieres participar en los servicios religiosos?<\/h2>[\/et_pb_text][\/et_pb_column][\/et_pb_row][et_pb_row _builder_version=\u00bb4.27.4&#8243; _module_preset=\u00bbdefault\u00bb global_colors_info=\u00bb{}\u00bb][et_pb_column type=\u00bb4_4&#8243; _builder_version=\u00bb4.27.4&#8243; _module_preset=\u00bbdefault\u00bb global_colors_info=\u00bb{}\u00bb][et_pb_cta button_text=\u00bbClics\u00bb _builder_version=\u00bb4.27.4&#8243; _module_preset=\u00bbdefault\u00bb body_font_size_phone=\u00bb16px\u00bb global_colors_info=\u00bb{}\u00bb]<p style=\"text-align: left;\">Los servicios religiosos de Shabat y de las festividades jud\u00edas est\u00e1n destinados exclusivamente a los miembros de la comunidad jud\u00eda local o a visitantes previamente registrados.<\/p>\n<p style=\"text-align: left;\">Para m\u00e1s informaci\u00f3n, por favor cont\u00e1ctenos a trav\u00e9s del formulario de contacto o escriba a: <strong data-start=\"518\" data-end=\"544\"><a data-start=\"520\" data-end=\"542\" class=\"decorated-link cursor-pointer\" rel=\"noopener\">gironajewish@gmail.com<\/a><\/strong><\/p>[\/et_pb_cta][\/et_pb_column][\/et_pb_row][\/et_pb_section]\n","protected":false},"excerpt":{"rendered":"<p>Contacta con Nosotros \u00bfTienes alguna pregunta, quieres visitarnos o necesitas informaci\u00f3n? Estamos aqu\u00ed para ayudarte. Rellena el formulario o utiliza los datos de contacto. P\u00f3ngase en contacto con nosotros por [&hellip;]<\/p>\n","protected":false},"author":4,"featured_media":0,"parent":0,"menu_order":0,"comment_status":"closed","ping_status":"closed","template":"","meta":{"_et_pb_use_builder":"on","_et_pb_old_content":"","_et_gb_content_width":"","footnotes":""},"class_list":["post-221","page","type-page","status-publish","hentry"],"yoast_head":"<!-- This site is optimized with the Yoast SEO plugin v27.4 - https:\/\/yoast.com\/product\/yoast-seo-wordpress\/ -->\n<title>Contacta con Nosotros | jewishgirona - Horarios y Visitas<\/title>\n<meta name=\"description\" content=\"Contacta con la Comunidad Jud\u00eda de Girona. Obt\u00e9n informaci\u00f3n sobre servicios religiosos, visitas guiadas y horarios.\" \/>\n<meta name=\"robots\" content=\"index, follow, max-snippet:-1, max-image-preview:large, max-video-preview:-1\" \/>\n<link rel=\"canonical\" href=\"https:\/\/jewishgirona.com\/en\/contacta-con-nostros\/\" \/>\n<meta property=\"og:locale\" content=\"en_US\" \/>\n<meta property=\"og:type\" content=\"article\" \/>\n<meta property=\"og:title\" content=\"Contacta con Nosotros | jewishgirona - Horarios y Visitas\" \/>\n<meta property=\"og:description\" content=\"Contacta con la Comunidad Jud\u00eda de Girona. Obt\u00e9n informaci\u00f3n sobre servicios religiosos, visitas guiadas y horarios.\" \/>\n<meta property=\"og:url\" content=\"https:\/\/jewishgirona.com\/en\/contacta-con-nostros\/\" \/>\n<meta property=\"og:site_name\" content=\"jewishgirona\" \/>\n<meta property=\"article:modified_time\" content=\"2025-08-26T09:46:40+00:00\" \/>\n<meta name=\"twitter:card\" content=\"summary_large_image\" \/>\n<meta name=\"twitter:label1\" content=\"Est. reading time\" \/>\n\t<meta name=\"twitter:data1\" content=\"2 minutes\" \/>\n<script type=\"application\/ld+json\" class=\"yoast-schema-graph\">{\"@context\":\"https:\\\/\\\/schema.org\",\"@graph\":[{\"@type\":\"WebPage\",\"@id\":\"https:\\\/\\\/jewishgirona.com\\\/contacta-con-nostros\\\/\",\"url\":\"https:\\\/\\\/jewishgirona.com\\\/contacta-con-nostros\\\/\",\"name\":\"Contacta con Nosotros | jewishgirona - Horarios y Visitas\",\"isPartOf\":{\"@id\":\"https:\\\/\\\/jewishgirona.com\\\/#website\"},\"datePublished\":\"2025-06-24T08:48:18+00:00\",\"dateModified\":\"2025-08-26T09:46:40+00:00\",\"description\":\"Contacta con la Comunidad Jud\u00eda de Girona. Obt\u00e9n informaci\u00f3n sobre servicios religiosos, visitas guiadas y horarios.\",\"breadcrumb\":{\"@id\":\"https:\\\/\\\/jewishgirona.com\\\/contacta-con-nostros\\\/#breadcrumb\"},\"inLanguage\":\"en-US\",\"potentialAction\":[{\"@type\":\"ReadAction\",\"target\":[\"https:\\\/\\\/jewishgirona.com\\\/contacta-con-nostros\\\/\"]}]},{\"@type\":\"BreadcrumbList\",\"@id\":\"https:\\\/\\\/jewishgirona.com\\\/contacta-con-nostros\\\/#breadcrumb\",\"itemListElement\":[{\"@type\":\"ListItem\",\"position\":1,\"name\":\"Portada\",\"item\":\"https:\\\/\\\/jewishgirona.com\\\/\"},{\"@type\":\"ListItem\",\"position\":2,\"name\":\"Contacta con Nosotros\"}]},{\"@type\":\"WebSite\",\"@id\":\"https:\\\/\\\/jewishgirona.com\\\/#website\",\"url\":\"https:\\\/\\\/jewishgirona.com\\\/\",\"name\":\"Comunidad Jud\u00eda de Girona\",\"description\":\"Centro Jud&iacute;o de Girona y Sinagoga Nahmanides: tradici&oacute;n, cultura y espiritualidad. Descubre nuestras actividades, historia y vida comunitaria.\",\"publisher\":{\"@id\":\"https:\\\/\\\/jewishgirona.com\\\/#organization\"},\"potentialAction\":[{\"@type\":\"SearchAction\",\"target\":{\"@type\":\"EntryPoint\",\"urlTemplate\":\"https:\\\/\\\/jewishgirona.com\\\/?s={search_term_string}\"},\"query-input\":{\"@type\":\"PropertyValueSpecification\",\"valueRequired\":true,\"valueName\":\"search_term_string\"}}],\"inLanguage\":\"en-US\"},{\"@type\":\"Organization\",\"@id\":\"https:\\\/\\\/jewishgirona.com\\\/#organization\",\"name\":\"Comunidad Jud\u00eda de Girona\",\"url\":\"https:\\\/\\\/jewishgirona.com\\\/\",\"logo\":{\"@type\":\"ImageObject\",\"inLanguage\":\"en-US\",\"@id\":\"https:\\\/\\\/jewishgirona.com\\\/#\\\/schema\\\/logo\\\/image\\\/\",\"url\":\"https:\\\/\\\/jewishgirona.com\\\/wp-content\\\/uploads\\\/2025\\\/06\\\/logo.png\",\"contentUrl\":\"https:\\\/\\\/jewishgirona.com\\\/wp-content\\\/uploads\\\/2025\\\/06\\\/logo.png\",\"width\":287,\"height\":71,\"caption\":\"Comunidad Jud\u00eda de Girona\"},\"image\":{\"@id\":\"https:\\\/\\\/jewishgirona.com\\\/#\\\/schema\\\/logo\\\/image\\\/\"},\"sameAs\":[\"https:\\\/\\\/www.instagram.com\\\/jewishgirona\"]}]}<\/script>\n<!-- \/ Yoast SEO plugin. -->","yoast_head_json":{"title":"Contacta con Nosotros | jewishgirona - Horarios y Visitas","description":"Contacta con la Comunidad Jud\u00eda de Girona. Obt\u00e9n informaci\u00f3n sobre servicios religiosos, visitas guiadas y horarios.","robots":{"index":"index","follow":"follow","max-snippet":"max-snippet:-1","max-image-preview":"max-image-preview:large","max-video-preview":"max-video-preview:-1"},"canonical":"https:\/\/jewishgirona.com\/en\/contacta-con-nostros\/","og_locale":"en_US","og_type":"article","og_title":"Contacta con Nosotros | jewishgirona - Horarios y Visitas","og_description":"Contacta con la Comunidad Jud\u00eda de Girona. Obt\u00e9n informaci\u00f3n sobre servicios religiosos, visitas guiadas y horarios.","og_url":"https:\/\/jewishgirona.com\/en\/contacta-con-nostros\/","og_site_name":"jewishgirona","article_modified_time":"2025-08-26T09:46:40+00:00","twitter_card":"summary_large_image","twitter_misc":{"Est. reading time":"2 minutes"},"schema":{"@context":"https:\/\/schema.org","@graph":[{"@type":"WebPage","@id":"https:\/\/jewishgirona.com\/contacta-con-nostros\/","url":"https:\/\/jewishgirona.com\/contacta-con-nostros\/","name":"Contacta con Nosotros | jewishgirona - Horarios y Visitas","isPartOf":{"@id":"https:\/\/jewishgirona.com\/#website"},"datePublished":"2025-06-24T08:48:18+00:00","dateModified":"2025-08-26T09:46:40+00:00","description":"Contacta con la Comunidad Jud\u00eda de Girona. Obt\u00e9n informaci\u00f3n sobre servicios religiosos, visitas guiadas y horarios.","breadcrumb":{"@id":"https:\/\/jewishgirona.com\/contacta-con-nostros\/#breadcrumb"},"inLanguage":"en-US","potentialAction":[{"@type":"ReadAction","target":["https:\/\/jewishgirona.com\/contacta-con-nostros\/"]}]},{"@type":"BreadcrumbList","@id":"https:\/\/jewishgirona.com\/contacta-con-nostros\/#breadcrumb","itemListElement":[{"@type":"ListItem","position":1,"name":"Portada","item":"https:\/\/jewishgirona.com\/"},{"@type":"ListItem","position":2,"name":"Contacta con Nosotros"}]},{"@type":"WebSite","@id":"https:\/\/jewishgirona.com\/#website","url":"https:\/\/jewishgirona.com\/","name":"Jewish Community of Girona","description":"Centro Jud&iacute;o de Girona y Sinagoga Nahmanides: tradici&oacute;n, cultura y espiritualidad. Descubre nuestras actividades, historia y vida comunitaria.","publisher":{"@id":"https:\/\/jewishgirona.com\/#organization"},"potentialAction":[{"@type":"SearchAction","target":{"@type":"EntryPoint","urlTemplate":"https:\/\/jewishgirona.com\/?s={search_term_string}"},"query-input":{"@type":"PropertyValueSpecification","valueRequired":true,"valueName":"search_term_string"}}],"inLanguage":"en-US"},{"@type":"Organization","@id":"https:\/\/jewishgirona.com\/#organization","name":"Jewish Community of Girona","url":"https:\/\/jewishgirona.com\/","logo":{"@type":"ImageObject","inLanguage":"en-US","@id":"https:\/\/jewishgirona.com\/#\/schema\/logo\/image\/","url":"https:\/\/jewishgirona.com\/wp-content\/uploads\/2025\/06\/logo.png","contentUrl":"https:\/\/jewishgirona.com\/wp-content\/uploads\/2025\/06\/logo.png","width":287,"height":71,"caption":"Comunidad Jud\u00eda de Girona"},"image":{"@id":"https:\/\/jewishgirona.com\/#\/schema\/logo\/image\/"},"sameAs":["https:\/\/www.instagram.com\/jewishgirona"]}]}},"_links":{"self":[{"href":"https:\/\/jewishgirona.com\/en\/wp-json\/wp\/v2\/pages\/221","targetHints":{"allow":["GET"]}}],"collection":[{"href":"https:\/\/jewishgirona.com\/en\/wp-json\/wp\/v2\/pages"}],"about":[{"href":"https:\/\/jewishgirona.com\/en\/wp-json\/wp\/v2\/types\/page"}],"author":[{"embeddable":true,"href":"https:\/\/jewishgirona.com\/en\/wp-json\/wp\/v2\/users\/4"}],"replies":[{"embeddable":true,"href":"https:\/\/jewishgirona.com\/en\/wp-json\/wp\/v2\/comments?post=221"}],"version-history":[{"count":16,"href":"https:\/\/jewishgirona.com\/en\/wp-json\/wp\/v2\/pages\/221\/revisions"}],"predecessor-version":[{"id":966,"href":"https:\/\/jewishgirona.com\/en\/wp-json\/wp\/v2\/pages\/221\/revisions\/966"}],"wp:attachment":[{"href":"https:\/\/jewishgirona.com\/en\/wp-json\/wp\/v2\/media?parent=221"}],"curies":[{"name":"wp","href":"https:\/\/api.w.org\/{rel}","templated":true}]}}