{"id":118,"date":"2025-06-12T12:42:06","date_gmt":"2025-06-12T10:42:06","guid":{"rendered":"http:\/\/jewishgirona.local\/?page_id=118"},"modified":"2025-08-26T11:53:23","modified_gmt":"2025-08-26T09:53:23","slug":"vida-comunitaria","status":"publish","type":"page","link":"https:\/\/jewishgirona.com\/en\/vida-comunitaria\/","title":{"rendered":"Community Life"},"content":{"rendered":"\n[et_pb_section fb_built=\u00bb1&#8243; _builder_version=\u00bb4.27.4&#8243; _module_preset=\u00bbdefault\u00bb custom_padding=\u00bb6px||7px|||\u00bb global_colors_info=\u00bb{}\u00bb][et_pb_row _builder_version=\u00bb4.27.4&#8243; _module_preset=\u00bbdefault\u00bb global_colors_info=\u00bb{}\u00bb][et_pb_column type=\u00bb4_4&#8243; _builder_version=\u00bb4.27.4&#8243; _module_preset=\u00bbdefault\u00bb global_colors_info=\u00bb{}\u00bb][et_pb_text _builder_version=\u00bb4.27.4&#8243; _module_preset=\u00bbdefault\u00bb hover_enabled=\u00bb0&#8243; global_colors_info=\u00bb{%22gcid-primary-color%22:%91%22link_text_color%22,%22link_text_color%22%93,%22gcid-heading-color%22:%91%22header_4_text_color%22,%22header_3_text_color%22,%22header_2_text_color%22,%22header_5_text_color%22,%22header_6_text_color%22,%22quote_text_color%22,%22header_4_text_color%22,%22header_3_text_color%22,%22header_2_text_color%22,%22header_5_text_color%22,%22header_6_text_color%22,%22quote_text_color%22%93,%22gcid-body-color%22:%91%22text_text_color%22,%22text_text_color%22%93,%22gcid-secondary-color%22:%91%22quote_border_color%22,%22quote_border_color%22%93}\u00bb header_text_color=\u00bb#0A2463&#8243; sticky_enabled=\u00bb0&#8243;]<h1 style=\"text-align: center;\">Momentos Compartidos: Nuestra Memoria Reciente<\/h1>[\/et_pb_text][\/et_pb_column][\/et_pb_row][et_pb_row _builder_version=\u00bb4.27.4&#8243; _module_preset=\u00bbdefault\u00bb global_colors_info=\u00bb{}\u00bb][et_pb_column type=\u00bb4_4&#8243; _builder_version=\u00bb4.27.4&#8243; _module_preset=\u00bbdefault\u00bb global_colors_info=\u00bb{}\u00bb][et_pb_blog posts_number=\u00bb6&#8243; include_categories=\u00bb8,9&#8243; _builder_version=\u00bb4.27.4&#8243; _module_preset=\u00bbdefault\u00bb hover_enabled=\u00bb0&#8243; global_colors_info=\u00bb{}\u00bb excerpt_length=\u00bb150&#8243; sticky_enabled=\u00bb0&#8243;][\/et_pb_blog][\/et_pb_column][\/et_pb_row][et_pb_row _builder_version=\u00bb4.27.4&#8243; _module_preset=\u00bbdefault\u00bb global_colors_info=\u00bb{}\u00bb][et_pb_column type=\u00bb4_4&#8243; _builder_version=\u00bb4.27.4&#8243; _module_preset=\u00bbdefault\u00bb global_colors_info=\u00bb{}\u00bb][et_pb_text _builder_version=\u00bb4.27.4&#8243; _module_preset=\u00bbdefault\u00bb hover_enabled=\u00bb0&#8243; global_colors_info=\u00bb{%22gcid-primary-color%22:%91%22link_text_color%22%93,%22gcid-heading-color%22:%91%22header_text_color%22,%22header_4_text_color%22,%22header_3_text_color%22,%22header_5_text_color%22,%22header_6_text_color%22,%22quote_text_color%22%93,%22gcid-body-color%22:%91%22text_text_color%22%93,%22gcid-secondary-color%22:%91%22quote_border_color%22%93}\u00bb header_2_text_color=\u00bb#0A2463&#8243; sticky_enabled=\u00bb0&#8243;]<h2 style=\"text-align: center;\">El Ciclo Anual &#8211; Lo que nos gu\u00eda<\/h2>[\/et_pb_text][\/et_pb_column][\/et_pb_row][et_pb_row column_structure=\u00bb3_5,2_5&#8243; _builder_version=\u00bb4.27.4&#8243; _module_preset=\u00bbdefault\u00bb global_colors_info=\u00bb{}\u00bb][et_pb_column type=\u00bb3_5&#8243; _builder_version=\u00bb4.27.4&#8243; _module_preset=\u00bbdefault\u00bb global_colors_info=\u00bb{}\u00bb][et_pb_text _builder_version=\u00bb4.27.4&#8243; _module_preset=\u00bbdefault\u00bb hover_enabled=\u00bb0&#8243; global_colors_info=\u00bb{%22gcid-primary-color%22:%91%22link_text_color%22,%22link_text_color%22%93,%22gcid-heading-color%22:%91%22header_text_color%22,%22header_3_text_color%22,%22header_2_text_color%22,%22header_5_text_color%22,%22header_6_text_color%22,%22quote_text_color%22,%22header_text_color%22,%22header_3_text_color%22,%22header_2_text_color%22,%22header_5_text_color%22,%22header_6_text_color%22,%22quote_text_color%22%93,%22gcid-body-color%22:%91%22text_text_color%22%93,%22gcid-secondary-color%22:%91%22quote_border_color%22,%22quote_border_color%22%93}\u00bb text_text_color=\u00bb#0A2463&#8243; header_4_text_color=\u00bb#0A2463&#8243; sticky_enabled=\u00bb0&#8243;]<h4 style=\"text-align: center;\"><span>Festividades jud\u00edas para el a\u00f1o 2025 (5785-5786)<\/span><\/h4>[\/et_pb_text][et_pb_text _builder_version=\u00bb4.27.4&#8243; _module_preset=\u00bbdefault\u00bb text_line_height=\u00bb1.5em\u00bb hover_enabled=\u00bb0&#8243; global_colors_info=\u00bb{%22gcid-primary-color%22:%91%22link_text_color%22%93,%22gcid-heading-color%22:%91%22header_text_color%22,%22header_4_text_color%22,%22header_3_text_color%22,%22header_2_text_color%22,%22header_5_text_color%22,%22header_6_text_color%22,%22quote_text_color%22%93,%22gcid-secondary-color%22:%91%22quote_border_color%22%93}\u00bb text_text_color=\u00bb#0A2463&#8243; sticky_enabled=\u00bb0&#8243;]<p style=\"text-align: center;\"><strong>Tu Bishvat<\/strong><span>\u00a0erev Mi\u00e9rcoles 12 de Febrero<\/span><span><\/span><\/p>\n<p style=\"text-align: center;\">Jueves 13 de Febrero<\/p>\n<p style=\"text-align: center;\">\u00a0<strong>Purim<\/strong><span>\u00a0<\/span>Erev Jueves 13 de Marzo<\/p>\n<p style=\"text-align: center;\">Viernes 14 de Marzo<\/p>\n<p style=\"text-align: center;\">\u00a0<strong>Pesaj<\/strong><span>\u00a0<\/span>Erev S\u00e1bado 12 de Abril<\/p>\n<p style=\"text-align: center;\">Domingo 20 de Abril<\/p>\n<p style=\"text-align: center;\">\u00a0<strong>Lag Ba\u00f3mer<\/strong><span>\u00a0<\/span>Erev Jueves 15 de Mayo<\/p>\n<p style=\"text-align: center;\">Viernes 16 de Mayo<\/p>\n<p style=\"text-align: center;\">\u00a0<strong>Shavuot<\/strong><span>\u00a0<\/span>Erev Domingo 1 de Junio<\/p>\n<p style=\"text-align: center;\">Martes 3 de Junio<\/p>\n<p style=\"text-align: center;\">\u00a0<strong>Tish\u00e1 be Av<\/strong><span>\u00a0<\/span>Erev S\u00e1bado 2 de Agosto<\/p>\n<p style=\"text-align: center;\">Domingo 3 de Agosto<\/p>\n<p style=\"text-align: center;\">\u00a0<strong>Rosh Hashan\u00e1<\/strong><span>\u00a0<\/span>Erev Lunes 22 de Septiembre<\/p>\n<p style=\"text-align: center;\">Mi\u00e9rcoles 24 de Septiembre<\/p>\n<p style=\"text-align: center;\">\u00a0<strong>Yom Kipur<\/strong><span>\u00a0<\/span>Erev Mi\u00e9rcoles 1 de Octubre<\/p>\n<p style=\"text-align: center;\">Jueves 2 de Octubre<\/p>\n<p style=\"text-align: center;\">\u00a0<strong>Sucot<\/strong><span>\u00a0<\/span>Erev Lunes 6 de Octubre<\/p>\n<p style=\"text-align: center;\">Lunes 13 de Octubre<\/p>\n<p style=\"text-align: center;\">\u00a0<strong>Shemini Atzeret y Simjat Tor\u00e1<\/strong><span>\u00a0<\/span>Erev Lunes 13 de Octubre<\/p>\n<p style=\"text-align: center;\">Mi\u00e9rcoles 15 de Octubre<\/p>\n<p style=\"text-align: center;\">\u00a0<strong>Januc\u00e1<\/strong><span>\u00a0<\/span>Erev Domingo 14 de Diciembre<\/p>\n<p style=\"text-align: center;\">Lunes 22 de Diciembre<\/p>[\/et_pb_text][\/et_pb_column][et_pb_column type=\u00bb2_5&#8243; _builder_version=\u00bb4.27.4&#8243; _module_preset=\u00bbdefault\u00bb global_colors_info=\u00bb{}\u00bb][et_pb_text _builder_version=\u00bb4.27.4&#8243; _module_preset=\u00bbdefault\u00bb module_alignment=\u00bbcenter\u00bb hover_enabled=\u00bb0&#8243; global_colors_info=\u00bb{%22gcid-primary-color%22:%91%22link_text_color%22%93,%22gcid-heading-color%22:%91%22header_text_color%22,%22header_3_text_color%22,%22header_2_text_color%22,%22header_5_text_color%22,%22header_6_text_color%22,%22quote_text_color%22%93,%22gcid-body-color%22:%91%22text_text_color%22%93,%22gcid-secondary-color%22:%91%22quote_border_color%22%93}\u00bb header_4_text_color=\u00bb#0A2463&#8243; sticky_enabled=\u00bb0&#8243;]<h4 style=\"text-align: center;\">Zemanim en Girona<\/h4>[\/et_pb_text][et_pb_code _builder_version=\u00bb4.27.4&#8243; _module_preset=\u00bbdefault\u00bb global_colors_info=\u00bb{}\u00bb]<!--Start MyZmanim Widget for:\u00a0http:\/\/jewishgirona.cat\u00a0--><!-- [et_pb_line_break_holder] --><!-- [et_pb_line_break_holder] --><script type=\"text\/javascript\" charset=\"UTF-8\" language=\"javascript\" src=\"https:\/\/www.myzmanim.com\/widget.aspx?lang=es&#038;mode=Standard&#038;fsize=9&#038;fcolor=003BBE&#038;hcolor=EBF1FF&#038;bcolor=C0C0C0&#038;suf=s&#038;key=Hw2g15s2LwHpnBl78VMlZfOAvBxKnH1PhDjiDT5kAufzx8uYpkjoh6sRUcCAS7GDqLNlYG0MaX1jNoyYVRcrSADwL4KCk2kL2hkFCVMXEfarU6yffaDtHfiBb3RmgncAEqgwHyMrr%2foMAPor%2bH9OWA%3d%3d\"><\/script><noscript style=\"font-family:verdana;\">Find your daily zmanim at <a href=\"http:\/\/www.myzmanim.com\/ \">MyZmanim.com<\/a>.<\/noscript><!-- [et_pb_line_break_holder] --><!-- [et_pb_line_break_holder] --><!--End MyZmanim Widget-->[\/et_pb_code][\/et_pb_column][\/et_pb_row][\/et_pb_section]\n","protected":false},"excerpt":{"rendered":"<p>Momentos Compartidos: Nuestra Memoria RecienteEl Ciclo Anual &#8211; Lo que nos gu\u00edaFestividades jud\u00edas para el a\u00f1o 2025 (5785-5786)Tu Bishvat\u00a0erev Mi\u00e9rcoles 12 de Febrero Jueves 13 de Febrero \u00a0Purim\u00a0Erev Jueves 13 [&hellip;]<\/p>\n","protected":false},"author":4,"featured_media":0,"parent":0,"menu_order":0,"comment_status":"closed","ping_status":"closed","template":"","meta":{"_et_pb_use_builder":"on","_et_pb_old_content":"","_et_gb_content_width":"","footnotes":""},"class_list":["post-118","page","type-page","status-publish","hentry"],"yoast_head":"<!-- This site is optimized with the Yoast SEO plugin v27.4 - https:\/\/yoast.com\/product\/yoast-seo-wordpress\/ -->\n<title>Vida Comunitaria | jewishgirona Vida Jud\u00eda en Girona | Eventos y Fiestas<\/title>\n<meta name=\"description\" content=\"Descubre la vida comunitaria de los jud\u00edos en Girona. Inf\u00f3rmate sobre nuestros pr\u00f3ximos eventos, celebraciones de fiestas jud\u00edas.\" \/>\n<meta name=\"robots\" content=\"index, follow, max-snippet:-1, max-image-preview:large, max-video-preview:-1\" \/>\n<link rel=\"canonical\" href=\"https:\/\/jewishgirona.com\/en\/vida-comunitaria\/\" \/>\n<meta property=\"og:locale\" content=\"en_US\" \/>\n<meta property=\"og:type\" content=\"article\" \/>\n<meta property=\"og:title\" content=\"Vida Comunitaria | jewishgirona Vida Jud\u00eda en Girona | Eventos y Fiestas\" \/>\n<meta property=\"og:description\" content=\"Descubre la vida comunitaria de los jud\u00edos en Girona. Inf\u00f3rmate sobre nuestros pr\u00f3ximos eventos, celebraciones de fiestas jud\u00edas.\" \/>\n<meta property=\"og:url\" content=\"https:\/\/jewishgirona.com\/en\/vida-comunitaria\/\" \/>\n<meta property=\"og:site_name\" content=\"jewishgirona\" \/>\n<meta property=\"article:modified_time\" content=\"2025-08-26T09:53:23+00:00\" \/>\n<meta name=\"twitter:card\" content=\"summary_large_image\" \/>\n<meta name=\"twitter:label1\" content=\"Est. reading time\" \/>\n\t<meta name=\"twitter:data1\" content=\"4 minutes\" \/>\n<script type=\"application\/ld+json\" class=\"yoast-schema-graph\">{\"@context\":\"https:\\\/\\\/schema.org\",\"@graph\":[{\"@type\":\"WebPage\",\"@id\":\"https:\\\/\\\/jewishgirona.com\\\/vida-comunitaria\\\/\",\"url\":\"https:\\\/\\\/jewishgirona.com\\\/vida-comunitaria\\\/\",\"name\":\"Vida Comunitaria | jewishgirona Vida Jud\u00eda en Girona | Eventos y Fiestas\",\"isPartOf\":{\"@id\":\"https:\\\/\\\/jewishgirona.com\\\/#website\"},\"datePublished\":\"2025-06-12T10:42:06+00:00\",\"dateModified\":\"2025-08-26T09:53:23+00:00\",\"description\":\"Descubre la vida comunitaria de los jud\u00edos en Girona. Inf\u00f3rmate sobre nuestros pr\u00f3ximos eventos, celebraciones de fiestas jud\u00edas.\",\"breadcrumb\":{\"@id\":\"https:\\\/\\\/jewishgirona.com\\\/vida-comunitaria\\\/#breadcrumb\"},\"inLanguage\":\"en-US\",\"potentialAction\":[{\"@type\":\"ReadAction\",\"target\":[\"https:\\\/\\\/jewishgirona.com\\\/vida-comunitaria\\\/\"]}]},{\"@type\":\"BreadcrumbList\",\"@id\":\"https:\\\/\\\/jewishgirona.com\\\/vida-comunitaria\\\/#breadcrumb\",\"itemListElement\":[{\"@type\":\"ListItem\",\"position\":1,\"name\":\"Portada\",\"item\":\"https:\\\/\\\/jewishgirona.com\\\/\"},{\"@type\":\"ListItem\",\"position\":2,\"name\":\"Vida Comunitaria\"}]},{\"@type\":\"WebSite\",\"@id\":\"https:\\\/\\\/jewishgirona.com\\\/#website\",\"url\":\"https:\\\/\\\/jewishgirona.com\\\/\",\"name\":\"Comunidad Jud\u00eda de Girona\",\"description\":\"Centro Jud&iacute;o de Girona y Sinagoga Nahmanides: tradici&oacute;n, cultura y espiritualidad. Descubre nuestras actividades, historia y vida comunitaria.\",\"publisher\":{\"@id\":\"https:\\\/\\\/jewishgirona.com\\\/#organization\"},\"potentialAction\":[{\"@type\":\"SearchAction\",\"target\":{\"@type\":\"EntryPoint\",\"urlTemplate\":\"https:\\\/\\\/jewishgirona.com\\\/?s={search_term_string}\"},\"query-input\":{\"@type\":\"PropertyValueSpecification\",\"valueRequired\":true,\"valueName\":\"search_term_string\"}}],\"inLanguage\":\"en-US\"},{\"@type\":\"Organization\",\"@id\":\"https:\\\/\\\/jewishgirona.com\\\/#organization\",\"name\":\"Comunidad Jud\u00eda de Girona\",\"url\":\"https:\\\/\\\/jewishgirona.com\\\/\",\"logo\":{\"@type\":\"ImageObject\",\"inLanguage\":\"en-US\",\"@id\":\"https:\\\/\\\/jewishgirona.com\\\/#\\\/schema\\\/logo\\\/image\\\/\",\"url\":\"https:\\\/\\\/jewishgirona.com\\\/wp-content\\\/uploads\\\/2025\\\/06\\\/logo.png\",\"contentUrl\":\"https:\\\/\\\/jewishgirona.com\\\/wp-content\\\/uploads\\\/2025\\\/06\\\/logo.png\",\"width\":287,\"height\":71,\"caption\":\"Comunidad Jud\u00eda de Girona\"},\"image\":{\"@id\":\"https:\\\/\\\/jewishgirona.com\\\/#\\\/schema\\\/logo\\\/image\\\/\"},\"sameAs\":[\"https:\\\/\\\/www.instagram.com\\\/jewishgirona\"]}]}<\/script>\n<!-- \/ Yoast SEO plugin. -->","yoast_head_json":{"title":"Vida Comunitaria | jewishgirona Vida Jud\u00eda en Girona | Eventos y Fiestas","description":"Descubre la vida comunitaria de los jud\u00edos en Girona. Inf\u00f3rmate sobre nuestros pr\u00f3ximos eventos, celebraciones de fiestas jud\u00edas.","robots":{"index":"index","follow":"follow","max-snippet":"max-snippet:-1","max-image-preview":"max-image-preview:large","max-video-preview":"max-video-preview:-1"},"canonical":"https:\/\/jewishgirona.com\/en\/vida-comunitaria\/","og_locale":"en_US","og_type":"article","og_title":"Vida Comunitaria | jewishgirona Vida Jud\u00eda en Girona | Eventos y Fiestas","og_description":"Descubre la vida comunitaria de los jud\u00edos en Girona. Inf\u00f3rmate sobre nuestros pr\u00f3ximos eventos, celebraciones de fiestas jud\u00edas.","og_url":"https:\/\/jewishgirona.com\/en\/vida-comunitaria\/","og_site_name":"jewishgirona","article_modified_time":"2025-08-26T09:53:23+00:00","twitter_card":"summary_large_image","twitter_misc":{"Est. reading time":"4 minutes"},"schema":{"@context":"https:\/\/schema.org","@graph":[{"@type":"WebPage","@id":"https:\/\/jewishgirona.com\/vida-comunitaria\/","url":"https:\/\/jewishgirona.com\/vida-comunitaria\/","name":"Vida Comunitaria | jewishgirona Vida Jud\u00eda en Girona | Eventos y Fiestas","isPartOf":{"@id":"https:\/\/jewishgirona.com\/#website"},"datePublished":"2025-06-12T10:42:06+00:00","dateModified":"2025-08-26T09:53:23+00:00","description":"Descubre la vida comunitaria de los jud\u00edos en Girona. Inf\u00f3rmate sobre nuestros pr\u00f3ximos eventos, celebraciones de fiestas jud\u00edas.","breadcrumb":{"@id":"https:\/\/jewishgirona.com\/vida-comunitaria\/#breadcrumb"},"inLanguage":"en-US","potentialAction":[{"@type":"ReadAction","target":["https:\/\/jewishgirona.com\/vida-comunitaria\/"]}]},{"@type":"BreadcrumbList","@id":"https:\/\/jewishgirona.com\/vida-comunitaria\/#breadcrumb","itemListElement":[{"@type":"ListItem","position":1,"name":"Portada","item":"https:\/\/jewishgirona.com\/"},{"@type":"ListItem","position":2,"name":"Vida Comunitaria"}]},{"@type":"WebSite","@id":"https:\/\/jewishgirona.com\/#website","url":"https:\/\/jewishgirona.com\/","name":"Jewish Community of Girona","description":"Centro Jud&iacute;o de Girona y Sinagoga Nahmanides: tradici&oacute;n, cultura y espiritualidad. Descubre nuestras actividades, historia y vida comunitaria.","publisher":{"@id":"https:\/\/jewishgirona.com\/#organization"},"potentialAction":[{"@type":"SearchAction","target":{"@type":"EntryPoint","urlTemplate":"https:\/\/jewishgirona.com\/?s={search_term_string}"},"query-input":{"@type":"PropertyValueSpecification","valueRequired":true,"valueName":"search_term_string"}}],"inLanguage":"en-US"},{"@type":"Organization","@id":"https:\/\/jewishgirona.com\/#organization","name":"Jewish Community of Girona","url":"https:\/\/jewishgirona.com\/","logo":{"@type":"ImageObject","inLanguage":"en-US","@id":"https:\/\/jewishgirona.com\/#\/schema\/logo\/image\/","url":"https:\/\/jewishgirona.com\/wp-content\/uploads\/2025\/06\/logo.png","contentUrl":"https:\/\/jewishgirona.com\/wp-content\/uploads\/2025\/06\/logo.png","width":287,"height":71,"caption":"Comunidad Jud\u00eda de Girona"},"image":{"@id":"https:\/\/jewishgirona.com\/#\/schema\/logo\/image\/"},"sameAs":["https:\/\/www.instagram.com\/jewishgirona"]}]}},"_links":{"self":[{"href":"https:\/\/jewishgirona.com\/en\/wp-json\/wp\/v2\/pages\/118","targetHints":{"allow":["GET"]}}],"collection":[{"href":"https:\/\/jewishgirona.com\/en\/wp-json\/wp\/v2\/pages"}],"about":[{"href":"https:\/\/jewishgirona.com\/en\/wp-json\/wp\/v2\/types\/page"}],"author":[{"embeddable":true,"href":"https:\/\/jewishgirona.com\/en\/wp-json\/wp\/v2\/users\/4"}],"replies":[{"embeddable":true,"href":"https:\/\/jewishgirona.com\/en\/wp-json\/wp\/v2\/comments?post=118"}],"version-history":[{"count":13,"href":"https:\/\/jewishgirona.com\/en\/wp-json\/wp\/v2\/pages\/118\/revisions"}],"predecessor-version":[{"id":968,"href":"https:\/\/jewishgirona.com\/en\/wp-json\/wp\/v2\/pages\/118\/revisions\/968"}],"wp:attachment":[{"href":"https:\/\/jewishgirona.com\/en\/wp-json\/wp\/v2\/media?parent=118"}],"curies":[{"name":"wp","href":"https:\/\/api.w.org\/{rel}","templated":true}]}}